{"id":1766,"date":"2020-10-30T09:23:17","date_gmt":"2020-10-30T09:23:17","guid":{"rendered":"https:\/\/www.desdeunrincon.site\/?page_id=1766"},"modified":"2022-02-14T09:47:08","modified_gmt":"2022-02-14T09:47:08","slug":"podcasts","status":"publish","type":"page","link":"https:\/\/www.desdeunrincon.site\/index.php\/podcasts\/","title":{"rendered":"Podcasts"},"content":{"rendered":"\t\t<div data-elementor-type=\"wp-page\" data-elementor-id=\"1766\" class=\"elementor elementor-1766\">\n\t\t\t\t\t\t<section class=\"elementor-section elementor-top-section elementor-element elementor-element-6222b85 elementor-section-boxed elementor-section-height-default elementor-section-height-default\" data-id=\"6222b85\" data-element_type=\"section\">\n\t\t\t\t\t\t<div class=\"elementor-container elementor-column-gap-default\">\n\t\t\t\t\t<div class=\"elementor-column elementor-col-100 elementor-top-column elementor-element elementor-element-5d71fb1\" data-id=\"5d71fb1\" data-element_type=\"column\">\n\t\t\t<div class=\"elementor-widget-wrap elementor-element-populated\">\n\t\t\t\t\t\t<div class=\"elementor-element elementor-element-b1abd31 elementor-widget elementor-widget-heading\" data-id=\"b1abd31\" data-element_type=\"widget\" data-widget_type=\"heading.default\">\n\t\t\t\t<div class=\"elementor-widget-container\">\n\t\t\t\t\t<h2 class=\"elementor-heading-title elementor-size-default\">PODCASTS Desde un Rinc\u00f3n<\/h2>\t\t\t\t<\/div>\n\t\t\t\t<\/div>\n\t\t\t\t\t<\/div>\n\t\t<\/div>\n\t\t\t\t\t<\/div>\n\t\t<\/section>\n\t\t\t\t<section class=\"elementor-section elementor-top-section elementor-element elementor-element-2588db9 elementor-section-boxed elementor-section-height-default elementor-section-height-default\" data-id=\"2588db9\" data-element_type=\"section\">\n\t\t\t\t\t\t<div class=\"elementor-container elementor-column-gap-default\">\n\t\t\t\t\t<div class=\"elementor-column elementor-col-100 elementor-top-column elementor-element elementor-element-8fffb63\" data-id=\"8fffb63\" data-element_type=\"column\">\n\t\t\t<div class=\"elementor-widget-wrap elementor-element-populated\">\n\t\t\t\t\t\t<section class=\"elementor-section elementor-inner-section elementor-element elementor-element-845d905 elementor-section-boxed elementor-section-height-default elementor-section-height-default\" data-id=\"845d905\" data-element_type=\"section\">\n\t\t\t\t\t\t<div class=\"elementor-container elementor-column-gap-default\">\n\t\t\t\t\t<div class=\"elementor-column elementor-col-50 elementor-inner-column elementor-element elementor-element-9e522b2\" data-id=\"9e522b2\" data-element_type=\"column\">\n\t\t\t<div class=\"elementor-widget-wrap elementor-element-populated\">\n\t\t\t\t\t\t<div class=\"elementor-element elementor-element-a86d9ac elementor-widget elementor-widget-text-editor\" data-id=\"a86d9ac\" data-element_type=\"widget\" data-widget_type=\"text-editor.default\">\n\t\t\t\t<div class=\"elementor-widget-container\">\n\t\t\t\t\t\t\t\t\t<p>Damos comienzo a una serie de video-podcasts que ser\u00e1n emitidos en tiempo real en plataformas de streaming. Estos programas tendr\u00e1n como eje central a la m\u00fasica original malague\u00f1a de los a\u00f1os 90, intentando contar con algunos actores de la \u00e9poca en directo.\u00a0<\/p><p>Del mismo modo intentar\u00e9 ofrecer el mismo formato sobre algunos temas que son de mi inter\u00e9s profesional al margen de la m\u00fasica.<\/p><p>No dudes en contactar conmigo si te interesa colaborar y aportar.\u00a0<\/p>\t\t\t\t\t\t\t\t<\/div>\n\t\t\t\t<\/div>\n\t\t\t\t\t<\/div>\n\t\t<\/div>\n\t\t\t\t<div class=\"elementor-column elementor-col-50 elementor-inner-column elementor-element elementor-element-5480c69\" data-id=\"5480c69\" data-element_type=\"column\">\n\t\t\t<div class=\"elementor-widget-wrap elementor-element-populated\">\n\t\t\t\t\t\t<div class=\"elementor-element elementor-element-2e06634 elementor-widget elementor-widget-image\" data-id=\"2e06634\" data-element_type=\"widget\" data-widget_type=\"image.default\">\n\t\t\t\t<div class=\"elementor-widget-container\">\n\t\t\t\t\t\t\t\t\t\t\t\t\t\t\t<img fetchpriority=\"high\" decoding=\"async\" width=\"1220\" height=\"627\" src=\"https:\/\/www.desdeunrincon.site\/wp-content\/uploads\/2020\/10\/Image2.png\" class=\"attachment-large size-large wp-image-1770\" alt=\"\" srcset=\"https:\/\/www.desdeunrincon.site\/wp-content\/uploads\/2020\/10\/Image2.png 1658w, https:\/\/www.desdeunrincon.site\/wp-content\/uploads\/2020\/10\/Image2-300x154.png 300w, https:\/\/www.desdeunrincon.site\/wp-content\/uploads\/2020\/10\/Image2-768x395.png 768w, https:\/\/www.desdeunrincon.site\/wp-content\/uploads\/2020\/10\/Image2-1536x789.png 1536w, https:\/\/www.desdeunrincon.site\/wp-content\/uploads\/2020\/10\/Image2-260x134.png 260w, https:\/\/www.desdeunrincon.site\/wp-content\/uploads\/2020\/10\/Image2-50x26.png 50w, https:\/\/www.desdeunrincon.site\/wp-content\/uploads\/2020\/10\/Image2-146x75.png 146w\" sizes=\"(max-width:767px) 480px, (max-width:1220px) 100vw, 1220px\" \/>\t\t\t\t\t\t\t\t\t\t\t\t\t\t\t<\/div>\n\t\t\t\t<\/div>\n\t\t\t\t\t<\/div>\n\t\t<\/div>\n\t\t\t\t\t<\/div>\n\t\t<\/section>\n\t\t\t\t\t<\/div>\n\t\t<\/div>\n\t\t\t\t\t<\/div>\n\t\t<\/section>\n\t\t\t\t<section class=\"elementor-section elementor-top-section elementor-element elementor-element-88d15e1 elementor-section-boxed elementor-section-height-default elementor-section-height-default\" data-id=\"88d15e1\" data-element_type=\"section\">\n\t\t\t\t\t\t<div class=\"elementor-container elementor-column-gap-default\">\n\t\t\t\t\t<div class=\"elementor-column elementor-col-100 elementor-top-column elementor-element elementor-element-64f138c\" data-id=\"64f138c\" data-element_type=\"column\">\n\t\t\t<div class=\"elementor-widget-wrap elementor-element-populated\">\n\t\t\t\t\t\t<div class=\"elementor-element elementor-element-d3ad807 elementor-widget elementor-widget-mfn_blog_slider\" data-id=\"d3ad807\" data-element_type=\"widget\" data-widget_type=\"mfn_blog_slider.default\">\n\t\t\t\t<div class=\"elementor-widget-container\">\n\t\t\t\t\t<div class=\"blog_slider clearfix  hide-more\" data-count=\"2\"><div class=\"blog_slider_header clearfix\"><h4 class=\"title \">Sobre nuestros PODCASTS<\/h4><div class=\"slider_navigation\"><\/div><\/div><ul class=\"blog_slider_ul\"><li class=\"post-15507 post type-post status-publish format-standard has-post-thumbnail hentry category-musica category-podcasts\"><div class=\"item_wrapper\"><div class=\"image_frame scale-with-grid\"><div class=\"image_wrapper\"><a href=\"https:\/\/www.desdeunrincon.site\/index.php\/2022\/02\/14\/primer-programa-allison\/\" title=\"Primer programa: ALLISON\"><img decoding=\"async\" width=\"960\" height=\"750\" src=\"https:\/\/www.desdeunrincon.site\/wp-content\/uploads\/2022\/02\/3776F040-910F-4FEA-8B13-4AD9C0415CA2-960x750.png\" class=\"scale-with-grid wp-post-image\" alt=\"\" \/><\/a><\/div><\/div><div class=\"date_label\">14\/02\/2022<\/div><div class=\"desc\"><h4><a href=\"https:\/\/www.desdeunrincon.site\/index.php\/2022\/02\/14\/primer-programa-allison\/\">Primer programa: ALLISON<\/a><\/h4><hr class=\"hr_color\" \/><a href=\"https:\/\/www.desdeunrincon.site\/index.php\/2022\/02\/14\/primer-programa-allison\/\" class=\"button button_left has-icon\"><span class=\"button_icon\"><i class=\"icon-layout\" aria-hidden=\"true\"><\/i><\/span><span class=\"button_label\">Lee m\u00e1s<\/span><\/a><\/div><\/div><\/li><li class=\"post-9586 post type-post status-publish format-standard has-post-thumbnail hentry category-musica category-podcasts\"><div class=\"item_wrapper\"><div class=\"image_frame scale-with-grid\"><div class=\"image_wrapper\"><a href=\"https:\/\/www.desdeunrincon.site\/index.php\/2021\/11\/21\/nuestros-canales-de-emision\/\" title=\"Nuestros canales de emisi\u00f3n\"><img decoding=\"async\" width=\"960\" height=\"750\" src=\"https:\/\/www.desdeunrincon.site\/wp-content\/uploads\/2021\/11\/Escena-intro-Stream-DUR-960x750.jpg\" class=\"scale-with-grid wp-post-image\" alt=\"\" srcset=\"https:\/\/www.desdeunrincon.site\/wp-content\/uploads\/2021\/11\/Escena-intro-Stream-DUR-960x750.jpg 960w, https:\/\/www.desdeunrincon.site\/wp-content\/uploads\/2021\/11\/Escena-intro-Stream-DUR-1280x1000.jpg 1280w\" sizes=\"(max-width:767px) 480px, (max-width:960px) 100vw, 960px\" \/><\/a><\/div><\/div><div class=\"date_label\">21\/11\/2021<\/div><div class=\"desc\"><h4><a href=\"https:\/\/www.desdeunrincon.site\/index.php\/2021\/11\/21\/nuestros-canales-de-emision\/\">Nuestros canales de emisi\u00f3n<\/a><\/h4><hr class=\"hr_color\" \/><a href=\"https:\/\/www.desdeunrincon.site\/index.php\/2021\/11\/21\/nuestros-canales-de-emision\/\" class=\"button button_left has-icon\"><span class=\"button_icon\"><i class=\"icon-layout\" aria-hidden=\"true\"><\/i><\/span><span class=\"button_label\">Lee m\u00e1s<\/span><\/a><\/div><\/div><\/li><\/ul><div class=\"slider_pager slider_pagination\"><\/div><\/div>\n\t\t\t\t<\/div>\n\t\t\t\t<\/div>\n\t\t\t\t\t<\/div>\n\t\t<\/div>\n\t\t\t\t\t<\/div>\n\t\t<\/section>\n\t\t\t\t<\/div>\n\t\t","protected":false},"excerpt":{"rendered":"<p>PODCASTS Desde un Rinc\u00f3n Damos comienzo a una serie de video-podcasts que ser\u00e1n emitidos en tiempo real en plataformas de streaming. Estos programas tendr\u00e1n como eje<span class=\"excerpt-hellip\"> [\u2026]<\/span><\/p>\n","protected":false},"author":1,"featured_media":0,"parent":0,"menu_order":0,"comment_status":"closed","ping_status":"closed","template":"","meta":{"footnotes":""},"class_list":["post-1766","page","type-page","status-publish","hentry"],"_links":{"self":[{"href":"https:\/\/www.desdeunrincon.site\/index.php\/wp-json\/wp\/v2\/pages\/1766"}],"collection":[{"href":"https:\/\/www.desdeunrincon.site\/index.php\/wp-json\/wp\/v2\/pages"}],"about":[{"href":"https:\/\/www.desdeunrincon.site\/index.php\/wp-json\/wp\/v2\/types\/page"}],"author":[{"embeddable":true,"href":"https:\/\/www.desdeunrincon.site\/index.php\/wp-json\/wp\/v2\/users\/1"}],"replies":[{"embeddable":true,"href":"https:\/\/www.desdeunrincon.site\/index.php\/wp-json\/wp\/v2\/comments?post=1766"}],"version-history":[{"count":16,"href":"https:\/\/www.desdeunrincon.site\/index.php\/wp-json\/wp\/v2\/pages\/1766\/revisions"}],"predecessor-version":[{"id":15561,"href":"https:\/\/www.desdeunrincon.site\/index.php\/wp-json\/wp\/v2\/pages\/1766\/revisions\/15561"}],"wp:attachment":[{"href":"https:\/\/www.desdeunrincon.site\/index.php\/wp-json\/wp\/v2\/media?parent=1766"}],"curies":[{"name":"wp","href":"https:\/\/api.w.org\/{rel}","templated":true}]}}